{"id":23305,"date":"2021-03-07T19:22:23","date_gmt":"2021-03-07T18:22:23","guid":{"rendered":"https:\/\/ortodegliulivi.it\/prodotto\/organic-tuscan-oil-bag-in-box-5-liters\/"},"modified":"2024-03-05T12:43:03","modified_gmt":"2024-03-05T11:43:03","slug":"oil-bio-toscano-5l","status":"publish","type":"product","link":"https:\/\/ortodegliulivi.it\/en\/prodotto\/oil-bio-toscano-5l\/","title":{"rendered":"Italian Organic Oil Bag in Box 5 liters"},"content":{"rendered":"<p>Our environmentally friendly <strong>organic extra virgin olive oil.<\/strong> It is made from Italian olives sourced exclusively from<strong> certified organic farming<\/strong>. It was created to meet the needs of all lovers of certified products obtained in respect of our land.<\/p>\n<p>Organic olive oil is bright green in color with golden highlights. With a smooth and delicate taste, it is recommended for seasoning delicate dishes. Because of the high quality with which it is produced and its delicate notes, BIO Italian oil is particularly suitable for children&#8217;s diets.<\/p>\n<p>COLD EXTRACTED<\/p>\n<h3><strong>Try our organic Italian extra virgin olive oil!<\/strong><\/h3>\n<ul>\n<li>The Fett&#8217;unta<\/li>\n<li>Pasta and Chickpeas with EVO Oil<\/li>\n<\/ul>\n\n\t\t<style type=\"text\/css\">\n\t\t\t#gallery-1 {\n\t\t\t\tmargin: auto;\n\t\t\t}\n\t\t\t#gallery-1 .gallery-item {\n\t\t\t\tfloat: left;\n\t\t\t\tmargin-top: 10px;\n\t\t\t\ttext-align: center;\n\t\t\t\twidth: 33%;\n\t\t\t}\n\t\t\t#gallery-1 img {\n\t\t\t\tborder: 2px solid #cfcfcf;\n\t\t\t}\n\t\t\t#gallery-1 .gallery-caption {\n\t\t\t\tmargin-left: 0;\n\t\t\t}\n\t\t\t\/* see gallery_shortcode() in wp-includes\/media.php *\/\n\t\t<\/style>\n\t\t<div id='gallery-1' class='gallery galleryid-23305 gallery-columns-3 gallery-size-thumbnail'><dl class='gallery-item'>\n\t\t\t<dt class='gallery-icon landscape'>\n\t\t\t\t<a href='https:\/\/ortodegliulivi.it\/en\/?attachment_id=21519'><img loading=\"lazy\" decoding=\"async\" width=\"150\" height=\"150\" src=\"https:\/\/b2955851.smushcdn.com\/2955851\/wp-content\/uploads\/2009\/07\/eb6c7c01c4e98e1f2578f9959463b973-150x150.jpg?lossy=1&strip=1&avif=1\" class=\"attachment-thumbnail size-thumbnail\" alt=\"Il nostro &#039;Olio Extra Vergine d&#039;oliva Bio nasce in questa Uliveta!\" aria-describedby=\"gallery-1-21519\" srcset=\"https:\/\/b2955851.smushcdn.com\/2955851\/wp-content\/uploads\/2009\/07\/eb6c7c01c4e98e1f2578f9959463b973-150x150.jpg?lossy=1&strip=1&avif=1 150w, https:\/\/b2955851.smushcdn.com\/2955851\/wp-content\/uploads\/2009\/07\/eb6c7c01c4e98e1f2578f9959463b973-300x300.jpg?lossy=1&strip=1&avif=1 300w, https:\/\/b2955851.smushcdn.com\/2955851\/wp-content\/uploads\/2009\/07\/eb6c7c01c4e98e1f2578f9959463b973-100x100.jpg?lossy=1&strip=1&avif=1 100w, https:\/\/b2955851.smushcdn.com\/2955851\/wp-content\/uploads\/2009\/07\/eb6c7c01c4e98e1f2578f9959463b973-300x300.jpg?size=30x30&lossy=1&strip=1&avif=1 30w\" sizes=\"(max-width: 150px) 100vw, 150px\" \/><\/a>\n\t\t\t<\/dt>\n\t\t\t\t<dd class='wp-caption-text gallery-caption' id='gallery-1-21519'>\n\t\t\t\tIl nostro Olio Bio nasce in questa Uliveta!\n\t\t\t\t<\/dd><\/dl><dl class='gallery-item'>\n\t\t\t<dt class='gallery-icon landscape'>\n\t\t\t\t<a href='https:\/\/ortodegliulivi.it\/en\/?attachment_id=21921'><img loading=\"lazy\" decoding=\"async\" width=\"150\" height=\"150\" src=\"https:\/\/b2955851.smushcdn.com\/2955851\/wp-content\/uploads\/2016\/08\/d382bd8ae87d9139df6458192532657c-150x150.jpg?lossy=1&strip=1&avif=1\" class=\"attachment-thumbnail size-thumbnail\" alt=\"Five sheep graze on green grass near a twisted tree in a field with other trees in the background. One of the sheep is a small, white lamb.\" aria-describedby=\"gallery-1-21921\" srcset=\"https:\/\/b2955851.smushcdn.com\/2955851\/wp-content\/uploads\/2016\/08\/d382bd8ae87d9139df6458192532657c-150x150.jpg?lossy=1&strip=1&avif=1 150w, https:\/\/b2955851.smushcdn.com\/2955851\/wp-content\/uploads\/2016\/08\/d382bd8ae87d9139df6458192532657c-scaled-300x300.jpg?lossy=1&strip=1&avif=1 300w, https:\/\/b2955851.smushcdn.com\/2955851\/wp-content\/uploads\/2016\/08\/d382bd8ae87d9139df6458192532657c-scaled-100x100.jpg?lossy=1&strip=1&avif=1 100w, https:\/\/b2955851.smushcdn.com\/2955851\/wp-content\/uploads\/2016\/08\/d382bd8ae87d9139df6458192532657c-scaled-300x300.jpg?size=30x30&lossy=1&strip=1&avif=1 30w\" sizes=\"(max-width: 150px) 100vw, 150px\" \/><\/a>\n\t\t\t<\/dt>\n\t\t\t\t<dd class='wp-caption-text gallery-caption' id='gallery-1-21921'>\n\t\t\t\tSotto i nostri Olivi c&#8217;\u00e8 vita! Per questo il nostro EVO \u00e8 cos\u00ec buono!\n\t\t\t\t<\/dd><\/dl><dl class='gallery-item'>\n\t\t\t<dt class='gallery-icon landscape'>\n\t\t\t\t<a href='https:\/\/ortodegliulivi.it\/en\/?attachment_id=21899'><img loading=\"lazy\" decoding=\"async\" width=\"150\" height=\"150\" src=\"https:\/\/b2955851.smushcdn.com\/2955851\/wp-content\/uploads\/2015\/05\/98786352ab62965a07c516ba5d449e8a-150x150.jpg?lossy=1&strip=1&avif=1\" class=\"attachment-thumbnail size-thumbnail\" alt=\"Gemma che contempla gli animali che vivono all&#039;Orto degli Ulivi\" aria-describedby=\"gallery-1-21899\" srcset=\"https:\/\/b2955851.smushcdn.com\/2955851\/wp-content\/uploads\/2015\/05\/98786352ab62965a07c516ba5d449e8a-150x150.jpg?lossy=1&strip=1&avif=1 150w, https:\/\/b2955851.smushcdn.com\/2955851\/wp-content\/uploads\/2015\/05\/98786352ab62965a07c516ba5d449e8a-300x300.jpg?lossy=1&strip=1&avif=1 300w, https:\/\/b2955851.smushcdn.com\/2955851\/wp-content\/uploads\/2015\/05\/98786352ab62965a07c516ba5d449e8a-100x100.jpg?lossy=1&strip=1&avif=1 100w, https:\/\/b2955851.smushcdn.com\/2955851\/wp-content\/uploads\/2015\/05\/98786352ab62965a07c516ba5d449e8a-300x300.jpg?size=30x30&lossy=1&strip=1&avif=1 30w\" sizes=\"(max-width: 150px) 100vw, 150px\" \/><\/a>\n\t\t\t<\/dt>\n\t\t\t\t<dd class='wp-caption-text gallery-caption' id='gallery-1-21899'>\n\t\t\t\tContadini e Ulivete, nasce cos\u00ec il nostro Bio.\n\t\t\t\t<\/dd><\/dl><br style=\"clear: both\" \/>\n\t\t<\/div>\n\n<div id=\"gtx-trans\" style=\"position: absolute; left: 1336px; top: 367.578px;\">\n<div class=\"gtx-trans-icon\"><\/div>\n<\/div>\n","protected":false},"excerpt":{"rendered":"<p>Enjoy the taste of Italy at home with Orto degli Ulivi&#8217;s Organic Italian Olive Oil. Our farm-grown oil is made using traditional methods passed down through generations to ensure the maximum flavor and health benefits possible. You can be assured that with our Bag-in-Box system, our olive oil is protected from light and oxygen, giving you the purest taste experience. By choosing us, you get great quality and convenience without compromising sustainability. Enjoy Italian flavors with extra virgin olive oil from Orto degli Ulivi!<\/p>\n<p>Obtained from olives from certified organic farming on our farm (7ha) located in Italy, specifically in Massa e Cozzile (PT).<br \/>\nLight-medium fruitiness, 2022\/2023 vintage.<br \/>\nCOLD EXTRACTED, filtered and stored away from light, oxygen and heat sources.<\/p>\n<p data-pm-slice=\"1 1 []\">\n","protected":false},"featured_media":21977,"comment_status":"open","ping_status":"closed","template":"","meta":{"_et_pb_use_builder":"","_et_pb_old_content":"","_et_gb_content_width":""},"product_brand":[],"product_cat":[487],"product_tag":[],"class_list":{"0":"post-23305","1":"product","2":"type-product","3":"status-publish","4":"has-post-thumbnail","6":"product_cat-organic-evo-oil","8":"first","9":"instock","10":"sale","11":"shipping-taxable","12":"purchasable","13":"product-type-simple"},"ams_default_variation_id":0,"ams_product_points_reward":[],"ams_product_discount_percentage":35.71,"ams_price_to_display":90,"ams_acf":[],"_links":{"self":[{"href":"https:\/\/ortodegliulivi.it\/en\/wp-json\/wp\/v2\/product\/23305","targetHints":{"allow":["GET"]}}],"collection":[{"href":"https:\/\/ortodegliulivi.it\/en\/wp-json\/wp\/v2\/product"}],"about":[{"href":"https:\/\/ortodegliulivi.it\/en\/wp-json\/wp\/v2\/types\/product"}],"replies":[{"embeddable":true,"href":"https:\/\/ortodegliulivi.it\/en\/wp-json\/wp\/v2\/comments?post=23305"}],"wp:featuredmedia":[{"embeddable":true,"href":"https:\/\/ortodegliulivi.it\/en\/wp-json\/wp\/v2\/media\/21977"}],"wp:attachment":[{"href":"https:\/\/ortodegliulivi.it\/en\/wp-json\/wp\/v2\/media?parent=23305"}],"wp:term":[{"taxonomy":"product_brand","embeddable":true,"href":"https:\/\/ortodegliulivi.it\/en\/wp-json\/wp\/v2\/product_brand?post=23305"},{"taxonomy":"product_cat","embeddable":true,"href":"https:\/\/ortodegliulivi.it\/en\/wp-json\/wp\/v2\/product_cat?post=23305"},{"taxonomy":"product_tag","embeddable":true,"href":"https:\/\/ortodegliulivi.it\/en\/wp-json\/wp\/v2\/product_tag?post=23305"}],"curies":[{"name":"wp","href":"https:\/\/api.w.org\/{rel}","templated":true}]}}